{"id":10897,"date":"2021-09-08T18:27:13","date_gmt":"2021-09-08T18:27:13","guid":{"rendered":"https:\/\/www.galerie-schmalfuss.de\/?page_id=10897"},"modified":"2021-09-09T14:02:28","modified_gmt":"2021-09-09T14:02:28","slug":"martina-ziegler","status":"publish","type":"page","link":"https:\/\/www.galerie-schmalfuss.de\/index.php\/kuenstler\/martina-ziegler\/","title":{"rendered":"MARTINA ZIEGLER"},"content":{"rendered":"\t\t<div data-elementor-type=\"wp-post\" data-elementor-id=\"10897\" class=\"elementor elementor-10897\" data-elementor-post-type=\"page\">\n\t\t\t\t\t\t<section class=\"elementor-section elementor-top-section elementor-element elementor-element-d42ab09 elementor-section-boxed elementor-section-height-default elementor-section-height-default\" data-id=\"d42ab09\" data-element_type=\"section\">\n\t\t\t\t\t\t<div class=\"elementor-container elementor-column-gap-default\">\n\t\t\t\t\t<div class=\"elementor-column elementor-col-100 elementor-top-column elementor-element elementor-element-bbeb879\" data-id=\"bbeb879\" data-element_type=\"column\">\n\t\t\t<div class=\"elementor-widget-wrap elementor-element-populated\">\n\t\t\t\t\t\t<div class=\"elementor-element elementor-element-e8d6fb0 elementor-tabs-view-horizontal elementor-widget elementor-widget-tabs\" data-id=\"e8d6fb0\" data-element_type=\"widget\" data-widget_type=\"tabs.default\">\n\t\t\t\t<div class=\"elementor-widget-container\">\n\t\t\t\t\t\t\t<div class=\"elementor-tabs\">\n\t\t\t<div class=\"elementor-tabs-wrapper\" role=\"tablist\" >\n\t\t\t\t\t\t\t\t\t<div id=\"elementor-tab-title-2441\" class=\"elementor-tab-title elementor-tab-desktop-title\" aria-selected=\"true\" data-tab=\"1\" role=\"tab\" tabindex=\"0\" aria-controls=\"elementor-tab-content-2441\" aria-expanded=\"false\">WERK<\/div>\n\t\t\t\t\t\t\t\t\t<div id=\"elementor-tab-title-2442\" class=\"elementor-tab-title elementor-tab-desktop-title\" aria-selected=\"false\" data-tab=\"2\" role=\"tab\" tabindex=\"-1\" aria-controls=\"elementor-tab-content-2442\" aria-expanded=\"false\">INFO<\/div>\n\t\t\t\t\t\t\t<\/div>\n\t\t\t<div class=\"elementor-tabs-content-wrapper\" role=\"tablist\" aria-orientation=\"vertical\">\n\t\t\t\t\t\t\t\t\t<div class=\"elementor-tab-title elementor-tab-mobile-title\" aria-selected=\"true\" data-tab=\"1\" role=\"tab\" tabindex=\"0\" aria-controls=\"elementor-tab-content-2441\" aria-expanded=\"false\">WERK<\/div>\n\t\t\t\t\t<div id=\"elementor-tab-content-2441\" class=\"elementor-tab-content elementor-clearfix\" data-tab=\"1\" role=\"tabpanel\" aria-labelledby=\"elementor-tab-title-2441\" tabindex=\"0\" hidden=\"false\"><div><\/div><\/div>\n\t\t\t\t\t\t\t\t\t<div class=\"elementor-tab-title elementor-tab-mobile-title\" aria-selected=\"false\" data-tab=\"2\" role=\"tab\" tabindex=\"-1\" aria-controls=\"elementor-tab-content-2442\" aria-expanded=\"false\">INFO<\/div>\n\t\t\t\t\t<div id=\"elementor-tab-content-2442\" class=\"elementor-tab-content elementor-clearfix\" data-tab=\"2\" role=\"tabpanel\" aria-labelledby=\"elementor-tab-title-2442\" tabindex=\"0\" hidden=\"hidden\"><div class=\"module_row themify_builder_row tb_6ja3994 tf_clearfix\"><div class=\"row_inner col_align_top tf_box tf_w tf_rel\"><div class=\"module_column tb-column col-full tb_miyh994 tf_box last\"><div class=\"tb-column-inner tf_box tf_w\"><div class=\"module module-text tb_9v2x910 repeat\"><div class=\"tb_text_wrap\"><p><strong>K\u00fcnstlerische Ausbildung<\/strong><br \/>Studium: Freie Kunst \/ Internationale Fachhochschule f\u00fcr Kunst und Design, K\u00f6ln.<br \/>Praktikum: Glasmalerei Henseler, K\u00f6ln (Restauration von Domfenstern)<br \/>Studium: Visuelle Kommunikation \/ HSD Hochschule D\u00fcsseldorf (Grafik Design, Fotografie, Illustration) Abschluss (Akademischer Grad): Diplom Designer.<br \/>Art- und Creative Director mit Schwerpunkt Film (Member of the Board Europe).<br \/>Auswahl diverser Auslandsaufenthalte (das k\u00fcnstlerische Thema betreffend):<br \/>Tokio \/\/ Erfahrung als Europ\u00e4erin in einer japanischen Unternehmenskultur (Seiko Uhren, Auszeichnung NY Festival).<br \/>Istanbul, Izmir \/\/ mehrw\u00f6chiger Arbeitsaufenthalt.<br \/>Miami, Los Angeles \/\/ Zusammenarbeit mit einer US Regisseurin.<br \/>Casablanca, Marrakech, Erfoud (Sahara) \/\/ mehrw\u00f6chiges Filmprojekt in einem islamischen Land.<br \/>New York \/\/ Zusammenarbeit mit einer Filmproduzentin.<br \/>London, Mailand, Wien, Barcelona, Paris \/\/ l\u00e4nder\u00fcbergreifendes europ\u00e4isches Filmprojekt.<\/p><p>Verschiedene Auszeichnungen und Creative Awards f\u00fcr Design, Artwork und Film, u.a. zweimal Art Directors Club Deutschland und viermal New York Festival.<br \/>2001 \u2013 2010: freie k\u00fcnstlerische T\u00e4tigkeit im Bereich Malerei und experimenteller Grafik. Nebenerwerb als Freelancerin in den Bereichen Design, Mode und Architektur.<br \/>Seit 2011: ausschlie\u00dflich k\u00fcnstlerisch freischaffende T\u00e4tigkeit. Techniken: Malerei, Mixed Media, Digital Painting, Experimental Crossover Collage.<\/p><p><a href=\"https:\/\/www.duesseldorfer-kuenstlerinnen.de\/kuenstlerinnen.php?kng=martina-ziegler\" target=\"_blank\" rel=\"noopener\">Mitglied im Verein der D\u00fcsseldorfer K\u00fcnstlerinnen e.V.<\/a><br \/><a href=\"https:\/\/www.duesseldorfer-kuenstler.de\/kuenstler\/malerei\/martina-ziegler.html\" target=\"_blank\" rel=\"noopener\">Mitglied im Verein der D\u00fcsseldorfer K\u00fcnstler e.V.<\/a><br \/>Galerien: Ludwig Kleebolte, Essen \/ Sander I Sohn, D\u00fcsseldorf<\/p><\/div><\/div><\/div><\/div><\/div><\/div><div class=\"module_row themify_builder_row tb_fv2g971 tf_clearfix\"><div class=\"row_inner col_align_top tf_box tf_w tf_rel\"><div class=\"module_column tb-column col-full tb_0kfa971 tf_box last\"><div class=\"tb-column-inner tf_box tf_w\"><div class=\"module module-plain-text tb_o6hm700\"><div class=\"tb_text_wrap\"><strong>Ausstellungst\u00e4tigkeit seit 1994. Auswahl:<br \/><\/strong><br \/>Upcoming 01 \/ 2021 Ausstellung No 7 PhotoPopupFair,\u00a0Stilwerk D\u00fcsseldorf<br \/>12 \/ 2020 Soloausstellung Martina Ziegler. Multiple, Abstracts, Portraits,\u00a0THE EX GALLERY (ehem.Hans Mayer), D\u00fcsseldorf<br \/>09 \/ 2020 Soloausstellung Martina Ziegler. Metafoto.\u00a0Galerie Ludwig Kleebolte, Essen<br \/>11 \/ 2019 Ausstellung No 6 PhotoPopupFair,\u00a0Stilwerk D\u00fcsseldorf<br \/>09 \/ 2019 Solo Ausstellung Galerie SANDER I SOHN,\u00a0D\u00fcsseldorf, DNA. Multiples become Abstracts<br \/>11 \/ 2018 Ausstellung No 5 PhotoPopupFair,\u00a0Stilwerk D\u00fcsseldorf<br \/>12 \/ 2017 bis 01\/ 2018 Ausstellung Galerie SANDER I SOHN,\u00a0D\u00fcsseldorf, PORTRAITS:\u00a0Various Artists<br \/>10 \/ 2017 Ausstellung Kult, Elf im Glashaus,\u00a0K\u00f6ln-Bedburg, Multiple and Others<br \/>2016 \/ 2017 Solo Ausstellung Villa L\u00f6wenburg, Meerbusch, Multiple and Others<br \/>2016 Ausstellung Kunst aus Meerbusch, Teloy M\u00fchle Meerbusch, Malerei<br \/>2016 Ausstellung No 2 PhotoPopupFair,Stilwerk D\u00fcsseldorf, Multiple Portraits<br \/>2015 Solo Ausstellung Showroom Blennemann, D\u00fcsseldorf, Multiple Portraits<br \/>2015 Ausstellung Kunst aus Meerbusch, Teloy M\u00fchle Lank, Malerei<br \/>2013 \/ 2014 Solo Ausstellung Penthouse KWS 166, D\u00fcsseldorf, Encounters and Turbans<\/div><\/div><\/div><\/div><\/div><\/div><\/div>\n\t\t\t\t\t\t\t<\/div>\n\t\t<\/div>\n\t\t\t\t\t\t<\/div>\n\t\t\t\t<\/div>\n\t\t\t\t\t<\/div>\n\t\t<\/div>\n\t\t\t\t\t<\/div>\n\t\t<\/section>\n\t\t\t\t<\/div>\n\t\t","protected":false},"excerpt":{"rendered":"<p>WERK INFO WERK INFO K\u00fcnstlerische AusbildungStudium: Freie Kunst \/ Internationale&#8230; <a class=\"mor_e-link\" href=\"https:\/\/www.galerie-schmalfuss.de\/index.php\/kuenstler\/martina-ziegler\/\">weiter<span class=\"screen-reader-text\">MARTINA ZIEGLER<\/span><\/a><\/p>\n","protected":false},"author":6,"featured_media":0,"parent":8401,"menu_order":-99,"comment_status":"closed","ping_status":"closed","template":"templates\/full-width.php","meta":{"footnotes":""},"class_list":["post-10897","page","type-page","status-publish","hentry","entry"],"_links":{"self":[{"href":"https:\/\/www.galerie-schmalfuss.de\/index.php\/wp-json\/wp\/v2\/pages\/10897","targetHints":{"allow":["GET"]}}],"collection":[{"href":"https:\/\/www.galerie-schmalfuss.de\/index.php\/wp-json\/wp\/v2\/pages"}],"about":[{"href":"https:\/\/www.galerie-schmalfuss.de\/index.php\/wp-json\/wp\/v2\/types\/page"}],"author":[{"embeddable":true,"href":"https:\/\/www.galerie-schmalfuss.de\/index.php\/wp-json\/wp\/v2\/users\/6"}],"replies":[{"embeddable":true,"href":"https:\/\/www.galerie-schmalfuss.de\/index.php\/wp-json\/wp\/v2\/comments?post=10897"}],"version-history":[{"count":0,"href":"https:\/\/www.galerie-schmalfuss.de\/index.php\/wp-json\/wp\/v2\/pages\/10897\/revisions"}],"up":[{"embeddable":true,"href":"https:\/\/www.galerie-schmalfuss.de\/index.php\/wp-json\/wp\/v2\/pages\/8401"}],"wp:attachment":[{"href":"https:\/\/www.galerie-schmalfuss.de\/index.php\/wp-json\/wp\/v2\/media?parent=10897"}],"curies":[{"name":"wp","href":"https:\/\/api.w.org\/{rel}","templated":true}]}}