{"id":13975,"date":"2024-09-29T10:49:08","date_gmt":"2024-09-29T10:49:08","guid":{"rendered":"https:\/\/www.galerie-schmalfuss.de\/?page_id=13975"},"modified":"2024-09-29T10:54:47","modified_gmt":"2024-09-29T10:54:47","slug":"christiane-grimm","status":"publish","type":"page","link":"https:\/\/www.galerie-schmalfuss.de\/index.php\/kuenstler\/christiane-grimm\/","title":{"rendered":"CHRISTIANE GRIMM"},"content":{"rendered":"\t\t<div data-elementor-type=\"wp-post\" data-elementor-id=\"13975\" class=\"elementor elementor-13975\" data-elementor-post-type=\"page\">\n\t\t\t\t\t\t<section class=\"elementor-section elementor-top-section elementor-element elementor-element-d42ab09 elementor-section-boxed elementor-section-height-default elementor-section-height-default\" data-id=\"d42ab09\" data-element_type=\"section\">\n\t\t\t\t\t\t<div class=\"elementor-container elementor-column-gap-default\">\n\t\t\t\t\t<div class=\"elementor-column elementor-col-100 elementor-top-column elementor-element elementor-element-bbeb879\" data-id=\"bbeb879\" data-element_type=\"column\">\n\t\t\t<div class=\"elementor-widget-wrap elementor-element-populated\">\n\t\t\t\t\t\t<div class=\"elementor-element elementor-element-e8d6fb0 elementor-tabs-view-horizontal elementor-widget elementor-widget-tabs\" data-id=\"e8d6fb0\" data-element_type=\"widget\" data-widget_type=\"tabs.default\">\n\t\t\t\t<div class=\"elementor-widget-container\">\n\t\t\t\t\t\t\t<div class=\"elementor-tabs\">\n\t\t\t<div class=\"elementor-tabs-wrapper\" role=\"tablist\" >\n\t\t\t\t\t\t\t\t\t<div id=\"elementor-tab-title-2441\" class=\"elementor-tab-title elementor-tab-desktop-title\" aria-selected=\"true\" data-tab=\"1\" role=\"tab\" tabindex=\"0\" aria-controls=\"elementor-tab-content-2441\" aria-expanded=\"false\">WERK<\/div>\n\t\t\t\t\t\t\t\t\t<div id=\"elementor-tab-title-2442\" class=\"elementor-tab-title elementor-tab-desktop-title\" aria-selected=\"false\" data-tab=\"2\" role=\"tab\" tabindex=\"-1\" aria-controls=\"elementor-tab-content-2442\" aria-expanded=\"false\">INFO<\/div>\n\t\t\t\t\t\t\t<\/div>\n\t\t\t<div class=\"elementor-tabs-content-wrapper\" role=\"tablist\" aria-orientation=\"vertical\">\n\t\t\t\t\t\t\t\t\t<div class=\"elementor-tab-title elementor-tab-mobile-title\" aria-selected=\"true\" data-tab=\"1\" role=\"tab\" tabindex=\"0\" aria-controls=\"elementor-tab-content-2441\" aria-expanded=\"false\">WERK<\/div>\n\t\t\t\t\t<div id=\"elementor-tab-content-2441\" class=\"elementor-tab-content elementor-clearfix\" data-tab=\"1\" role=\"tabpanel\" aria-labelledby=\"elementor-tab-title-2441\" tabindex=\"0\" hidden=\"false\"><div><div class=\"n2-section-smartslider fitvidsignore \" data-ssid=\"95\" tabindex=\"0\" role=\"region\" aria-label=\"Slider\"><div id=\"n2-ss-95-align\" class=\"n2-ss-align\"><div class=\"n2-padding\"><div id=\"n2-ss-95\" data-creator=\"Smart Slider 3\" data-responsive=\"auto\" class=\"n2-ss-slider n2-ow n2-has-hover n2notransition  \">\n\n\n\n\n\n\n\n\n\n\n\n\n\n\n\n\n\n\n\n\n\n\n\n<div class=\"n2-ss-slider-wrapper-outside\" style=\"grid-template-rows:1fr auto\"><div class=\"n2-ss-slider-wrapper-inside\">\n        <div class=\"n2-ss-slider-1 n2_ss__touch_element n2-ow\">\n            <div class=\"n2-ss-slider-2 n2-ow\">\n                                                <div class=\"n2-ss-slider-3 n2-ow\">\n\n                    <div class=\"n2-ss-slide-backgrounds n2-ow-all\"><div class=\"n2-ss-slide-background\" data-public-id=\"1\" data-mode=\"fit\"><div class=\"n2-ss-slide-background-image\" data-blur=\"0\" data-opacity=\"100\" data-x=\"50\" data-y=\"50\" data-alt=\"\" data-title=\"\"><picture class=\"skip-lazy\" data-skip-lazy=\"1\"><img decoding=\"async\" src=\"\/\/www.galerie-schmalfuss.de\/wp-content\/uploads\/2024\/09\/CHRISTIANE-GRIMM-_-Lento-V-_-2024-_-Mischtechnik-Acrylglas-_-60-x-60-x-10-cm.jpg\" alt=\"\" title=\"\" loading=\"lazy\" class=\"skip-lazy\" data-skip-lazy=\"1\"><\/picture><\/div><div data-color=\"RGBA(255,255,255,0)\" style=\"background-color: RGBA(255,255,255,0);\" class=\"n2-ss-slide-background-color\"><\/div><\/div><div class=\"n2-ss-slide-background\" data-public-id=\"2\" data-mode=\"fit\" aria-hidden=\"true\"><div class=\"n2-ss-slide-background-image\" data-blur=\"0\" data-opacity=\"100\" data-x=\"50\" data-y=\"50\" data-alt=\"\" data-title=\"\"><picture class=\"skip-lazy\" data-skip-lazy=\"1\"><img decoding=\"async\" src=\"\/\/www.galerie-schmalfuss.de\/wp-content\/uploads\/2024\/09\/CHRISTIANE-GRIMM-_-Pearl-VIII-_-2024-_-Mischtechnik-Acrylglas-_-60-x-60-x-10-cm.jpg\" alt=\"\" title=\"\" loading=\"lazy\" class=\"skip-lazy\" data-skip-lazy=\"1\"><\/picture><\/div><div data-color=\"RGBA(255,255,255,0)\" style=\"background-color: RGBA(255,255,255,0);\" class=\"n2-ss-slide-background-color\"><\/div><\/div><div class=\"n2-ss-slide-background\" data-public-id=\"3\" data-mode=\"fit\" aria-hidden=\"true\"><div class=\"n2-ss-slide-background-image\" data-blur=\"0\" data-opacity=\"100\" data-x=\"50\" data-y=\"50\" data-alt=\"\" data-title=\"\"><picture class=\"skip-lazy\" data-skip-lazy=\"1\"><img decoding=\"async\" src=\"\/\/www.galerie-schmalfuss.de\/wp-content\/uploads\/2024\/09\/CHRISTIANE-GRIMM-_-Peppiness-III-_-2024_-Mischtechnik-Acrylglas_-100-x-100-x-10-cm.jpg\" alt=\"\" title=\"\" loading=\"lazy\" class=\"skip-lazy\" data-skip-lazy=\"1\"><\/picture><\/div><div data-color=\"RGBA(255,255,255,0)\" style=\"background-color: RGBA(255,255,255,0);\" class=\"n2-ss-slide-background-color\"><\/div><\/div><div class=\"n2-ss-slide-background\" data-public-id=\"4\" data-mode=\"fit\" aria-hidden=\"true\"><div class=\"n2-ss-slide-background-image\" data-blur=\"0\" data-opacity=\"100\" data-x=\"50\" data-y=\"50\" data-alt=\"\" data-title=\"\"><picture class=\"skip-lazy\" data-skip-lazy=\"1\"><img decoding=\"async\" src=\"\/\/www.galerie-schmalfuss.de\/wp-content\/uploads\/2024\/09\/CHRISTIANE-GRIMM-_-Transformation-XV-_-2024-_-Mischtechnik-Acrylglas-_-80-x-80-x-10-cm.jpg\" alt=\"\" title=\"\" loading=\"lazy\" class=\"skip-lazy\" data-skip-lazy=\"1\"><\/picture><\/div><div data-color=\"RGBA(255,255,255,0)\" style=\"background-color: RGBA(255,255,255,0);\" class=\"n2-ss-slide-background-color\"><\/div><\/div><div class=\"n2-ss-slide-background\" data-public-id=\"5\" data-mode=\"fit\" aria-hidden=\"true\"><div class=\"n2-ss-slide-background-image\" data-blur=\"0\" data-opacity=\"100\" data-x=\"50\" data-y=\"50\" data-alt=\"\" data-title=\"\"><picture class=\"skip-lazy\" data-skip-lazy=\"1\"><img decoding=\"async\" src=\"\/\/www.galerie-schmalfuss.de\/wp-content\/uploads\/2024\/09\/CHRISTIANE-GRIMM-_-Verschmelzung-IV-_-2020_23-_-Mischtechnik-Acrylglas-_-60-x-60-x-10-cm.jpg\" alt=\"\" title=\"\" loading=\"lazy\" class=\"skip-lazy\" data-skip-lazy=\"1\"><\/picture><\/div><div data-color=\"RGBA(255,255,255,0)\" style=\"background-color: RGBA(255,255,255,0);\" class=\"n2-ss-slide-background-color\"><\/div><\/div><div class=\"n2-ss-slide-background\" data-public-id=\"6\" data-mode=\"fit\" aria-hidden=\"true\"><div class=\"n2-ss-slide-background-image\" data-blur=\"0\" data-opacity=\"100\" data-x=\"50\" data-y=\"50\" data-alt=\"\" data-title=\"\"><picture class=\"skip-lazy\" data-skip-lazy=\"1\"><img decoding=\"async\" src=\"\/\/www.galerie-schmalfuss.de\/wp-content\/uploads\/2024\/09\/CHRISTIANE-GRIMM-_-Wild-Tulip-_-2020-_-Mischtechnik-Acrylglas-_-60-x-60-x-10-cm.jpg\" alt=\"\" title=\"\" loading=\"lazy\" class=\"skip-lazy\" data-skip-lazy=\"1\"><\/picture><\/div><div data-color=\"RGBA(255,255,255,0)\" style=\"background-color: RGBA(255,255,255,0);\" class=\"n2-ss-slide-background-color\"><\/div><\/div><\/div>                    <div class=\"n2-ss-slider-4 n2-ow\">\n                        <svg xmlns=\"http:\/\/www.w3.org\/2000\/svg\" viewBox=\"0 0 1200 800\" data-related-device=\"desktopPortrait\" class=\"n2-ow n2-ss-preserve-size n2-ss-preserve-size--slider n2-ss-slide-limiter\"><\/svg><div data-first=\"1\" data-slide-duration=\"0\" data-id=\"1824\" data-slide-public-id=\"1\" data-title=\"CHRISTIANE GRIMM _ Lento V _ 2024 _ Mischtechnik, Acrylglas _ 60 x 60 x 10 cm\" class=\"n2-ss-slide n2-ow  n2-ss-slide-1824\"><div role=\"note\" class=\"n2-ss-slide--focus\" tabindex=\"-1\">CHRISTIANE GRIMM _ Lento V _ 2024 _ Mischtechnik, Acrylglas _ 60 x 60 x 10 cm<\/div><div class=\"n2-ss-layers-container n2-ss-slide-limiter n2-ow\"><div class=\"n2-ss-layer n2-ow n-uc-iUunkNAKhfH5\" data-sstype=\"slide\" data-pm=\"default\"><\/div><\/div><\/div><div data-slide-duration=\"0\" data-id=\"1825\" data-slide-public-id=\"2\" aria-hidden=\"true\" data-title=\"CHRISTIANE GRIMM _ Pearl VIII _ 2024 _ Mischtechnik, Acrylglas _ 60 x 60 x 10 cm\" class=\"n2-ss-slide n2-ow  n2-ss-slide-1825\"><div role=\"note\" class=\"n2-ss-slide--focus\" tabindex=\"-1\">CHRISTIANE GRIMM _ Pearl VIII _ 2024 _ Mischtechnik, Acrylglas _ 60 x 60 x 10 cm<\/div><div class=\"n2-ss-layers-container n2-ss-slide-limiter n2-ow\"><div class=\"n2-ss-layer n2-ow n-uc-ehOnHodSulu8\" data-sstype=\"slide\" data-pm=\"default\"><\/div><\/div><\/div><div data-slide-duration=\"0\" data-id=\"1826\" data-slide-public-id=\"3\" aria-hidden=\"true\" data-title=\"CHRISTIANE GRIMM _ Peppiness III _ 2024_ Mischtechnik, Acrylglas_ 100 x 100 x 10 cm\" class=\"n2-ss-slide n2-ow  n2-ss-slide-1826\"><div role=\"note\" class=\"n2-ss-slide--focus\" tabindex=\"-1\">CHRISTIANE GRIMM _ Peppiness III _ 2024_ Mischtechnik, Acrylglas_ 100 x 100 x 10 cm<\/div><div class=\"n2-ss-layers-container n2-ss-slide-limiter n2-ow\"><div class=\"n2-ss-layer n2-ow n-uc-dTxdOg6fM1p5\" data-sstype=\"slide\" data-pm=\"default\"><\/div><\/div><\/div><div data-slide-duration=\"0\" data-id=\"1827\" data-slide-public-id=\"4\" aria-hidden=\"true\" data-title=\"CHRISTIANE GRIMM _ Transformation XV _ 2024 _ Mischtechnik, Acrylglas _ 80 x 80 x 10 cm\" class=\"n2-ss-slide n2-ow  n2-ss-slide-1827\"><div role=\"note\" class=\"n2-ss-slide--focus\" tabindex=\"-1\">CHRISTIANE GRIMM _ Transformation XV _ 2024 _ Mischtechnik, Acrylglas _ 80 x 80 x 10 cm<\/div><div class=\"n2-ss-layers-container n2-ss-slide-limiter n2-ow\"><div class=\"n2-ss-layer n2-ow n-uc-KBqk1kZDZsFx\" data-sstype=\"slide\" data-pm=\"default\"><\/div><\/div><\/div><div data-slide-duration=\"0\" data-id=\"1828\" data-slide-public-id=\"5\" aria-hidden=\"true\" data-title=\"CHRISTIANE GRIMM _ Verschmelzung IV _ 2020_23 _ Mischtechnik, Acrylglas _ 60 x 60 x 10 cm\" class=\"n2-ss-slide n2-ow  n2-ss-slide-1828\"><div role=\"note\" class=\"n2-ss-slide--focus\" tabindex=\"-1\">CHRISTIANE GRIMM _ Verschmelzung IV _ 2020_23 _ Mischtechnik, Acrylglas _ 60 x 60 x 10 cm<\/div><div class=\"n2-ss-layers-container n2-ss-slide-limiter n2-ow\"><div class=\"n2-ss-layer n2-ow n-uc-YOB9Jm4VmlWf\" data-sstype=\"slide\" data-pm=\"default\"><\/div><\/div><\/div><div data-slide-duration=\"0\" data-id=\"1829\" data-slide-public-id=\"6\" aria-hidden=\"true\" data-title=\"CHRISTIANE GRIMM _ Wild Tulip _ 2020 _ Mischtechnik, Acrylglas _ 60 x 60 x 10 cm\" class=\"n2-ss-slide n2-ow  n2-ss-slide-1829\"><div role=\"note\" class=\"n2-ss-slide--focus\" tabindex=\"-1\">CHRISTIANE GRIMM _ Wild Tulip _ 2020 _ Mischtechnik, Acrylglas _ 60 x 60 x 10 cm<\/div><div class=\"n2-ss-layers-container n2-ss-slide-limiter n2-ow\"><div class=\"n2-ss-layer n2-ow n-uc-cDJR0IAiK3CY\" data-sstype=\"slide\" data-pm=\"default\"><\/div><\/div><\/div>                    <\/div>\n\n                                    <\/div>\n            <\/div>\n        <\/div>\n        <div class=\"n2-ss-slider-controls n2-ss-slider-controls-absolute-left-center\"><div style=\"--widget-offset:15px;\" class=\"n2-ss-widget n2-style-041670f7df29ffb4048fc6d85d61d1ee-heading nextend-arrow n2-ow-all nextend-arrow-previous  nextend-arrow-animated-fade\" data-hide-mobileportrait=\"1\" id=\"n2-ss-95-arrow-previous\" role=\"button\" aria-label=\"previous arrow\" tabindex=\"0\"><img decoding=\"async\" width=\"32\" height=\"32\" class=\"skip-lazy\" data-skip-lazy=\"1\" src=\"data:image\/svg+xml;base64,PHN2ZyB4bWxucz0iaHR0cDovL3d3dy53My5vcmcvMjAwMC9zdmciIHdpZHRoPSIzMiIgaGVpZ2h0PSIzMiIgdmlld0JveD0iMCAwIDMyIDMyIj4KICAgIDxwYXRoIGZpbGw9IiNmZmZmZmYiIG9wYWNpdHk9IjAuOCIgZmlsbC1ydWxlPSJldmVub2RkIgogICAgICAgICAgZD0iTTE4Ljk5NTggOC45OTA3YzAtLjQyNC0uMjA0LS43MjMtLjYxLS44OTgtLjQwOS0uMTczLS43NzItLjEwNC0xLjA5My4yMDlsLTcuMDA2IDYuOTc1Yy0uMjAxLjE5OS0uMjk3LjQzNy0uMjg2LjcxNiAwIC4yNjcuMDk2LjQ5OC4yODYuNjg5bDcuMDA2IDcuMDAxYy4zMjEuMzIxLjY4NC4zODkgMS4wOTMuMjA5LjQwNi0uMTc0LjYxLS40ODIuNjEtLjkyMlY4Ljk5MDd6Ii8+Cjwvc3ZnPg==\" alt=\"previous arrow\" title=\"\"><\/div><\/div><div class=\"n2-ss-slider-controls n2-ss-slider-controls-absolute-right-center\"><div style=\"--widget-offset:15px;\" class=\"n2-ss-widget n2-style-041670f7df29ffb4048fc6d85d61d1ee-heading nextend-arrow n2-ow-all nextend-arrow-next  nextend-arrow-animated-fade\" data-hide-mobileportrait=\"1\" id=\"n2-ss-95-arrow-next\" role=\"button\" aria-label=\"next arrow\" tabindex=\"0\"><img decoding=\"async\" width=\"32\" height=\"32\" class=\"skip-lazy\" data-skip-lazy=\"1\" src=\"data:image\/svg+xml;base64,PHN2ZyB3aWR0aD0iMzIiIGhlaWdodD0iMzIiIHZpZXdCb3g9IjAgMCAzMiAzMiIgeG1sbnM9Imh0dHA6Ly93d3cudzMub3JnLzIwMDAvc3ZnIj4KICAgIDxwYXRoIGQ9Ik0xMiA4Ljk5YzAtLjQyMy4yMDQtLjcyMi42MS0uODk3LjQwOC0uMTczLjc3Mi0uMTA0IDEuMDkyLjIxbDcuMDA2IDYuOTc0Yy4yMDIuMi4yOTguNDM3LjI4Ny43MTYgMCAuMjY3LS4wOTYuNDk4LS4yODcuNjlsLTcuMDA2IDdjLS4zMi4zMi0uNjg0LjM5LTEuMDkyLjIxLS40MDYtLjE3NS0uNjEtLjQ4My0uNjEtLjkyM1Y4Ljk5eiIKICAgICAgICAgIGZpbGw9IiNmZmZmZmYiIG9wYWNpdHk9IjAuOCIgZmlsbC1ydWxlPSJldmVub2RkIi8+Cjwvc3ZnPg==\" alt=\"next arrow\" title=\"\"><\/div><\/div><\/div><div class=\"n2-ss-slider-controls n2-ss-slider-controls-below\"><div class=\"n2-ss-widget nextend-bar nextend-bar-horizontal n2-ss-widget-hidden n2-ow-all\" style=\"text-align: left;width:100%;\"><div class=\"n2-style-1b3b0b26e4e995bc76516f476918c4ab-simple \"><span class=\"n2-font-fcce1fddc1d903b911854dc0cbaed59a-simple \">&nbsp;<\/span><\/div><\/div><div data-width-percent=\"100\" class=\"n2-ss-widget nextend-thumbnail nextend-thumbnail-default nextend-thumbnail-horizontal n2-ow-all\" data-hide-mobileportrait=\"1\" style=\"width:100%;\" data-has-next=\"0\" data-has-previous=\"0\"><div class=\"nextend-thumbnail-inner n2-style-df32cb3742fdac43eb0251df7d67c185-simple \"><div class=\"nextend-thumbnail-scroller n2-align-content-start\" style=\"grid-template-rows:repeat(1, 1fr)\"><div class=\"n2-thumbnail-dot n2-style-462cb0983aca6cda3fc34a0feea6024b-dot \" data-slide-public-id=\"1\" role=\"button\" aria-label=\"CHRISTIANE GRIMM _ Lento V _ 2024 _ Mischtechnik, Acrylglas _ 60 x 60 x 10 cm\" tabindex=\"0\"><picture class=\"skip-lazy\" data-skip-lazy=\"1\"><img loading=\"lazy\" decoding=\"async\" alt=\"CHRISTIANE GRIMM _ Lento V _ 2024 _ Mischtechnik, Acrylglas _ 60 x 60 x 10 cm\" src=\"\/\/www.galerie-schmalfuss.de\/wp-content\/uploads\/2024\/09\/CHRISTIANE-GRIMM-_-Lento-V-_-2024-_-Mischtechnik-Acrylglas-_-60-x-60-x-10-cm.jpg\" width=\"100\" height=\"60\" loading=\"lazy\" class=\"skip-lazy\" data-skip-lazy=\"1\" title=\"\"><\/picture><\/div><div class=\"n2-thumbnail-dot n2-style-462cb0983aca6cda3fc34a0feea6024b-dot \" data-slide-public-id=\"2\" role=\"button\" aria-label=\"CHRISTIANE GRIMM _ Pearl VIII _ 2024 _ Mischtechnik, Acrylglas _ 60 x 60 x 10 cm\" tabindex=\"0\"><picture class=\"skip-lazy\" data-skip-lazy=\"1\"><img loading=\"lazy\" decoding=\"async\" alt=\"CHRISTIANE GRIMM _ Pearl VIII _ 2024 _ Mischtechnik, Acrylglas _ 60 x 60 x 10 cm\" src=\"\/\/www.galerie-schmalfuss.de\/wp-content\/uploads\/2024\/09\/CHRISTIANE-GRIMM-_-Pearl-VIII-_-2024-_-Mischtechnik-Acrylglas-_-60-x-60-x-10-cm.jpg\" width=\"100\" height=\"60\" loading=\"lazy\" class=\"skip-lazy\" data-skip-lazy=\"1\" title=\"\"><\/picture><\/div><div class=\"n2-thumbnail-dot n2-style-462cb0983aca6cda3fc34a0feea6024b-dot \" data-slide-public-id=\"3\" role=\"button\" aria-label=\"CHRISTIANE GRIMM _ Peppiness III _ 2024_ Mischtechnik, Acrylglas_ 100 x 100 x 10 cm\" tabindex=\"0\"><picture class=\"skip-lazy\" data-skip-lazy=\"1\"><img loading=\"lazy\" decoding=\"async\" alt=\"CHRISTIANE GRIMM _ Peppiness III _ 2024_ Mischtechnik, Acrylglas_ 100 x 100 x 10 cm\" src=\"\/\/www.galerie-schmalfuss.de\/wp-content\/uploads\/2024\/09\/CHRISTIANE-GRIMM-_-Peppiness-III-_-2024_-Mischtechnik-Acrylglas_-100-x-100-x-10-cm.jpg\" width=\"100\" height=\"60\" loading=\"lazy\" class=\"skip-lazy\" data-skip-lazy=\"1\" title=\"\"><\/picture><\/div><div class=\"n2-thumbnail-dot n2-style-462cb0983aca6cda3fc34a0feea6024b-dot \" data-slide-public-id=\"4\" role=\"button\" aria-label=\"CHRISTIANE GRIMM _ Transformation XV _ 2024 _ Mischtechnik, Acrylglas _ 80 x 80 x 10 cm\" tabindex=\"0\"><picture class=\"skip-lazy\" data-skip-lazy=\"1\"><img loading=\"lazy\" decoding=\"async\" alt=\"CHRISTIANE GRIMM _ Transformation XV _ 2024 _ Mischtechnik, Acrylglas _ 80 x 80 x 10 cm\" src=\"\/\/www.galerie-schmalfuss.de\/wp-content\/uploads\/2024\/09\/CHRISTIANE-GRIMM-_-Transformation-XV-_-2024-_-Mischtechnik-Acrylglas-_-80-x-80-x-10-cm.jpg\" width=\"100\" height=\"60\" loading=\"lazy\" class=\"skip-lazy\" data-skip-lazy=\"1\" title=\"\"><\/picture><\/div><div class=\"n2-thumbnail-dot n2-style-462cb0983aca6cda3fc34a0feea6024b-dot \" data-slide-public-id=\"5\" role=\"button\" aria-label=\"CHRISTIANE GRIMM _ Verschmelzung IV _ 2020_23 _ Mischtechnik, Acrylglas _ 60 x 60 x 10 cm\" tabindex=\"0\"><picture class=\"skip-lazy\" data-skip-lazy=\"1\"><img loading=\"lazy\" decoding=\"async\" alt=\"CHRISTIANE GRIMM _ Verschmelzung IV _ 2020_23 _ Mischtechnik, Acrylglas _ 60 x 60 x 10 cm\" src=\"\/\/www.galerie-schmalfuss.de\/wp-content\/uploads\/2024\/09\/CHRISTIANE-GRIMM-_-Verschmelzung-IV-_-2020_23-_-Mischtechnik-Acrylglas-_-60-x-60-x-10-cm.jpg\" width=\"100\" height=\"60\" loading=\"lazy\" class=\"skip-lazy\" data-skip-lazy=\"1\" title=\"\"><\/picture><\/div><div class=\"n2-thumbnail-dot n2-style-462cb0983aca6cda3fc34a0feea6024b-dot \" data-slide-public-id=\"6\" role=\"button\" aria-label=\"CHRISTIANE GRIMM _ Wild Tulip _ 2020 _ Mischtechnik, Acrylglas _ 60 x 60 x 10 cm\" tabindex=\"0\"><picture class=\"skip-lazy\" data-skip-lazy=\"1\"><img loading=\"lazy\" decoding=\"async\" alt=\"CHRISTIANE GRIMM _ Wild Tulip _ 2020 _ Mischtechnik, Acrylglas _ 60 x 60 x 10 cm\" src=\"\/\/www.galerie-schmalfuss.de\/wp-content\/uploads\/2024\/09\/CHRISTIANE-GRIMM-_-Wild-Tulip-_-2020-_-Mischtechnik-Acrylglas-_-60-x-60-x-10-cm.jpg\" width=\"100\" height=\"60\" loading=\"lazy\" class=\"skip-lazy\" data-skip-lazy=\"1\" title=\"\"><\/picture><\/div><\/div><\/div><div class=\"nextend-thumbnail-button nextend-thumbnail-previous\"><img loading=\"lazy\" decoding=\"async\" width=\"26\" height=\"26\" style=\"width:26px;transform:rotateZ(-90deg);\" loading=\"lazy\" class=\"skip-lazy\" data-skip-lazy=\"1\" src=\"data:image\/svg+xml;base64,PHN2ZyB3aWR0aD0iMjYiIGhlaWdodD0iMjYiIHhtbG5zPSJodHRwOi8vd3d3LnczLm9yZy8yMDAwL3N2ZyI+CiAgICA8ZyBmaWxsPSJub25lIiBmaWxsLXJ1bGU9ImV2ZW5vZGQiPgogICAgICAgIDxjaXJjbGUgc3Ryb2tlPSIjZmZmIiBzdHJva2Utd2lkdGg9IjIiIG9wYWNpdHk9Ii41IiBmaWxsPSIjMDAwIiBjeD0iMTMiIGN5PSIxMyIgcj0iMTIiLz4KICAgICAgICA8cGF0aCBkPSJNMTMuNDM1IDkuMTc4Yy0uMTI2LS4xMjEtLjI3LS4xODItLjQzNi0uMTgyLS4xNjQgMC0uMzA2LjA2MS0uNDI4LjE4MmwtNC4zOCA0LjE3NWMtLjEyNi4xMjEtLjE4OC4yNjItLjE4OC40MjQgMCAuMTYxLjA2Mi4zMDIuMTg4LjQyM2wuNjUuNjIyYy4xMjYuMTIxLjI3My4xODIuNDQxLjE4Mi4xNyAwIC4zMTQtLjA2MS40MzYtLjE4MmwzLjMxNC0zLjE2MSAzLjI0OSAzLjE2MWMuMTI2LjEyMS4yNjkuMTgyLjQzMi4xODIuMTY0IDAgLjMwNy0uMDYxLjQzMy0uMTgybC42NjItLjYyMmMuMTI2LS4xMjEuMTg5LS4yNjIuMTg5LS40MjMgMC0uMTYyLS4wNjMtLjMwMy0uMTg5LS40MjRsLTQuMzczLTQuMTc1eiIKICAgICAgICAgICAgICBmaWxsPSIjZmZmIi8+CiAgICA8L2c+Cjwvc3ZnPg==\" alt=\"previous arrow\" title=\"\"><\/div><div class=\"nextend-thumbnail-button nextend-thumbnail-next\"><img loading=\"lazy\" decoding=\"async\" width=\"26\" height=\"26\" style=\"width:26px;transform:rotateZ(-90deg);\" loading=\"lazy\" class=\"skip-lazy\" data-skip-lazy=\"1\" src=\"data:image\/svg+xml;base64,PHN2ZyB4bWxucz0iaHR0cDovL3d3dy53My5vcmcvMjAwMC9zdmciIHdpZHRoPSIyNiIgaGVpZ2h0PSIyNiI+CiAgICA8ZyBmaWxsPSJub25lIj4KICAgICAgICA8Y2lyY2xlIGN4PSIxMyIgY3k9IjEzIiByPSIxMiIgZmlsbD0iIzAwMCIgc3Ryb2tlPSIjZmZmIiBzdHJva2Utd2lkdGg9IjIiIG9wYWNpdHk9Ii41Ii8+CiAgICAgICAgPHBhdGggZmlsbD0iI2ZmZiIKICAgICAgICAgICAgICBkPSJNMTIuNTY1IDE2LjgyMmMuMTI2LjEyLjI3LjE4Mi40MzYuMTgyLjE2OCAwIC4zMS0uMDYuNDMtLjE4Mmw0LjM4LTQuMTc1Yy4xMjgtLjEyLjE5LS4yNjIuMTktLjQyNCAwLS4xNi0uMDYyLS4zMDItLjE5LS40MjNsLS42NS0uNjIyYy0uMTI1LS4xMi0uMjcyLS4xODItLjQ0LS4xODItLjE3IDAtLjMxNC4wNi0uNDM2LjE4MmwtMy4zMTQgMy4xNi0zLjI1LTMuMTZjLS4xMjYtLjEyLS4yNy0uMTgyLS40My0uMTgyLS4xNjYgMC0uMzEuMDYtLjQzNS4xODJsLS42NjIuNjIyYy0uMTI2LjEyLS4xOS4yNjItLjE5LjQyMyAwIC4xNjIuMDY0LjMwMy4xOS40MjRsNC4zNzMgNC4xNzV6Ii8+CiAgICA8L2c+Cjwvc3ZnPg==\" alt=\"next arrow\" title=\"\"><\/div><\/div><\/div><\/div><\/div><ss3-loader><\/ss3-loader><\/div><\/div><div class=\"n2_clear\"><\/div><\/div><\/div><\/div>\n\t\t\t\t\t\t\t\t\t<div class=\"elementor-tab-title elementor-tab-mobile-title\" aria-selected=\"false\" data-tab=\"2\" role=\"tab\" tabindex=\"-1\" aria-controls=\"elementor-tab-content-2442\" aria-expanded=\"false\">INFO<\/div>\n\t\t\t\t\t<div id=\"elementor-tab-content-2442\" class=\"elementor-tab-content elementor-clearfix\" data-tab=\"2\" role=\"tabpanel\" aria-labelledby=\"elementor-tab-title-2442\" tabindex=\"0\" hidden=\"hidden\"><p><strong>CHRISTIANE GRIMM<\/strong> erschafft aus Echtantik- und Rippengl\u00e4sern sowie Industrie- und Acrylglas Lichtspiele voller Raffinesse. Ihre Installationen, Wandobjekte und Skulpturen wandeln ihr Erscheinungsbild je nach Lichteinfall, strahlen noch bei geringer Helligkeit von innen heraus, glitzern, funkeln und reagieren teilweise auf Schwarzlicht. Im Vor\u00fcbergehen erlebt der Betrachtende Farbwandlungen und optische T\u00e4uschungen.<\/p><p>Grimm geht dem Ph\u00e4nomen nach, dass ein Farbwert nicht absolut ist, sondern im Kontext mit anderen Farben unterschiedlich erscheinen kann und die Farbwahrnehmung stark von der jeweiligen Lichtsituation und von dem Material des Farbtr\u00e4gers abh\u00e4ngig ist.<\/p><p>Sie besch\u00e4ftigt sich mit dem Licht und seiner Wirkung auf den Oberfl\u00e4chen verschiedener Materialien und Farben. Dabei liegt der Fokus auf dem faszinierenden physikalischen Ph\u00e4nomen der Lichtbrechung. So kann eine kleine Wolke vor der Sonne die gesamte Wahrnehmung eines Kunstwerkes ver\u00e4ndern.<\/p><p>Die 1957 in Stuttgart geborene Malerin z\u00e4hlt zu den wichtigen K\u00fcnstlerinnen im Grenzbereich von Farbfeldmalerei und monochromer Malerei. Ihre Bilder vermitteln im Glanz ihrer Oberfl\u00e4chen eine Sinnlichkeit zwischen Anziehung und Distanzhaltung: Immer ist der Betrachter mit seiner Bewegung und Wahrnehmung aktiver Teilhaber dieser Arbeiten.<\/p><p>\u00a0<\/p><p>1957\u00a0\u00a0\u00a0\u00a0 in Stuttgart geboren<\/p><p>1982\u00a0\u00a0\u00a0\u00a0 Diplom an der Universit\u00e4t Stuttgart,<\/p><p>\u00a0\u00a0\u00a0\u00a0\u00a0\u00a0\u00a0\u00a0\u00a0\u00a0\u00a0\u00a0\u00a0\u00a0\u00a0 als Architektin t\u00e4tig in Stuttgart, Berlin und Heidelberg<\/p><p>1986\u00a0\u00a0\u00a0\u00a0 Beginn der freischaffenden T\u00e4tigkeit als K\u00fcnstlerin<\/p><p>\u00a0\u00a0\u00a0\u00a0\u00a0\u00a0\u00a0\u00a0\u00a0\u00a0\u00a0\u00a0\u00a0\u00a0\u00a0 Ausstellungen und Messepr\u00e4sentationen auf internationaler Ebene<\/p><p>\u00a0\u00a0\u00a0\u00a0\u00a0\u00a0\u00a0\u00a0\u00a0\u00a0\u00a0\u00a0\u00a0\u00a0\u00a0 lebt in Heidelberg<\/p><\/div>\n\t\t\t\t\t\t\t<\/div>\n\t\t<\/div>\n\t\t\t\t\t\t<\/div>\n\t\t\t\t<\/div>\n\t\t\t\t\t<\/div>\n\t\t<\/div>\n\t\t\t\t\t<\/div>\n\t\t<\/section>\n\t\t\t\t<\/div>\n\t\t","protected":false},"excerpt":{"rendered":"<p>WERK INFO WERK INFO CHRISTIANE GRIMM erschafft aus Echtantik- und&#8230; <a class=\"mor_e-link\" href=\"https:\/\/www.galerie-schmalfuss.de\/index.php\/kuenstler\/christiane-grimm\/\">weiter<span class=\"screen-reader-text\">CHRISTIANE GRIMM<\/span><\/a><\/p>\n","protected":false},"author":6,"featured_media":0,"parent":8401,"menu_order":-99,"comment_status":"closed","ping_status":"closed","template":"templates\/full-width.php","meta":{"footnotes":""},"class_list":["post-13975","page","type-page","status-publish","hentry","entry"],"_links":{"self":[{"href":"https:\/\/www.galerie-schmalfuss.de\/index.php\/wp-json\/wp\/v2\/pages\/13975","targetHints":{"allow":["GET"]}}],"collection":[{"href":"https:\/\/www.galerie-schmalfuss.de\/index.php\/wp-json\/wp\/v2\/pages"}],"about":[{"href":"https:\/\/www.galerie-schmalfuss.de\/index.php\/wp-json\/wp\/v2\/types\/page"}],"author":[{"embeddable":true,"href":"https:\/\/www.galerie-schmalfuss.de\/index.php\/wp-json\/wp\/v2\/users\/6"}],"replies":[{"embeddable":true,"href":"https:\/\/www.galerie-schmalfuss.de\/index.php\/wp-json\/wp\/v2\/comments?post=13975"}],"version-history":[{"count":7,"href":"https:\/\/www.galerie-schmalfuss.de\/index.php\/wp-json\/wp\/v2\/pages\/13975\/revisions"}],"predecessor-version":[{"id":13989,"href":"https:\/\/www.galerie-schmalfuss.de\/index.php\/wp-json\/wp\/v2\/pages\/13975\/revisions\/13989"}],"up":[{"embeddable":true,"href":"https:\/\/www.galerie-schmalfuss.de\/index.php\/wp-json\/wp\/v2\/pages\/8401"}],"wp:attachment":[{"href":"https:\/\/www.galerie-schmalfuss.de\/index.php\/wp-json\/wp\/v2\/media?parent=13975"}],"curies":[{"name":"wp","href":"https:\/\/api.w.org\/{rel}","templated":true}]}}