{"id":27,"date":"2011-08-30T09:33:21","date_gmt":"2011-08-30T09:33:21","guid":{"rendered":"http:\/\/schmalfuss.server2.pro-creative.de\/?page_id=27"},"modified":"2019-11-29T13:45:46","modified_gmt":"2019-11-29T13:45:46","slug":"service","status":"publish","type":"page","link":"https:\/\/www.galerie-schmalfuss.de\/index.php\/service\/","title":{"rendered":"Service"},"content":{"rendered":"\n<p><strong>Das Angebot der Galerie umfasst folgende Leistungen:<\/strong><\/p>\n\n\n\n<ul class=\"wp-block-list\"><li>Aufbau und Betreuung von Privat- und Firmensammlungen,<\/li><li>Organisation von (wechselnden) Ausstellungen, auf Wunsch mit Vernissage, Einf\u00fchrungsrede, Katalog und Bewirtung,<\/li><li>Verkauf und Leasing von anspruchsvollen k\u00fcnstlerischen Arbeiten f\u00fcr die Ausstattung der Firmenr\u00e4ume,<\/li><li>\u00d6lgem\u00e4lde ihrer Firma, ihres Firmensitzes gemalt von international anerkannten deutschen Malern,<\/li><li>Art-to-rent (siehe Unterpunkt auf dieser Seite), leasen Sie eine spannende Skulptur, ein Bild zum Beispiel f\u00fcr ihr Foyer oder den Au\u00dfenbereich,<\/li><li>die Ausstattung von B\u00fcro und Gesch\u00e4ftsr\u00e4umen mit Galerieschienen um wechselnde Ausstellungen \/ Bilderh\u00e4ngungen zu erm\u00f6glichen,<\/li><li>Restaurierung von Gem\u00e4lden und Rahmen,<\/li><li>fachgerechte Rahmungen,<\/li><li>Geschenkservice: das individuelle Geschenk f\u00fcr Gesch\u00e4ftspartner oder Mitarbeiter, Unikate (Drucke ab 50,- Euro), K\u00fcnstlerkalender, auf Wunsch mit Ihrem Logo. Holzschnitte im Handdruck bis zu einer Auflage von 50 St\u00fcck, Radierungen und Siebdrucke entsprechend mehr,<\/li><li>kostenfreie Lieferung in ganz Deutschland,<\/li><li>unverbindliche kostenfreie &#8222;Probeh\u00e4ngung&#8220; in Ihren R\u00e4umen m\u00f6glich.<\/li><\/ul>\n\n\n\n<p>Weitere Informationen erhalten Sie in der Galerie.<\/p>\n\n\n\n<p><strong>Kunstberatung &#8211; Kunst in Ihren Gesch\u00e4ftsr\u00e4umen<\/strong><\/p>\n\n\n\n<p>Welche Kapitalanlage lie\u00dfe sich repr\u00e4sentativer in Gesch\u00e4ftsr\u00e4ume integrieren als Kunst?!<\/p>\n\n\n\n<p>In diesem Sinne entwickeln wir individuelle, also themenspezifische Konzepte f\u00fcr Unternehmen, angepasst an die r\u00e4umlichen Gegebenheiten, die Firmenphilosophie und dem zur Verf\u00fcgung stehenden Etat. Dabei begreifen wir Kunst als Bindeglied zwischen Unternehmensinhalten, Orts- und Lichtverh\u00e4ltnissen und Mitarbeitern und Kunden.<br>Zu unserer konzeptionellen Vorarbeit geh\u00f6rt dabei auch das Eingrenzen der f\u00fcr Sie infrage kommenden Werke, sodass Sie eine sichere Entscheidung treffen k\u00f6nnen, ohne den ganzen Kunstmarkt langwierig studieren zu m\u00fcssen.<\/p>\n\n\n\n<p>Zur sorgf\u00e4ltigen Planung und Entwicklung eines Kunstkonzeptes z\u00e4hlen folgende Punkte:<\/p>\n\n\n\n<ul class=\"wp-block-list\"><li>Die pers\u00f6nliche Besichtigung der R\u00e4umlichkeiten,<\/li><li>Festlegung potenzieller Standorte f\u00fcr Kunst,<\/li><li>Strukturierung bereits vorhandener Bilder und Harmonisierung mit zuk\u00fcnftigen Neuerwerbungen,<\/li><li>Erstellung und Pr\u00e4sentation eines Kunstkonzeptes,<\/li><li>Kontrolle der Kosten und Rechnungen,<\/li><li>Abstimmung der Termine, der Rahmungen und Installationen der Bilder,<\/li><li>In diesem Rahmen decken wir die Fachbereiche Kunstwissenschaft, Designtheorie, Katalogisierung und Restaurierung ab.<\/li><\/ul>\n\n\n\n<p>Letztendlich ist das pers\u00f6nliche Gespr\u00e4ch vor Ort am aufschlussreichsten, wenn es um die Entwicklung eines optimalen Zusammenspiels von Kunst und Raum geht. Und noch etwas Wichtiges: Diskretion und fachgerechte Beratung (Total Quality Management) im privaten wie im \u00f6ffentlichen Bereich sind bei uns selbstverst\u00e4ndlich.<\/p>\n\n\n\n<p><strong>Denken Sie an Kunst?<\/strong><\/p>\n\n\n\n<p>Dann lassen Sie sich von uns informieren oder besuchen Sie unsere Galerie.<br>\u00dcber Ihre Kontaktaufnahme freuen wir uns.<\/p>\n\n\n\n<p>Michael W. Schmalfu\u00df<\/p>\n\n\n\n<p><strong>art to rent<\/strong><\/p>\n\n\n\n<p>Wir richten R\u00e4umlichkeiten mit moderner Kunst ein: B\u00fcros, Kanzleien, Agenturen, Banken. Wir gehen zu den Kunden und entwickeln gemeinsam vor Ort, welche Gem\u00e4lde, Fotografien, Skulpturen, Installationen oder Kunstgegenst\u00e4nde f\u00fcr die individuellen Bed\u00fcrfnisse geeignet sind. Aus einem umfangreichen K\u00fcnstlerbestand w\u00e4hlen Sie sich den K\u00fcnstler oder mehrere K\u00fcnstler aus.<\/p>\n\n\n\n<p>Die Ausstellung in den R\u00e4umlichkeiten wird unter Mitwirkung der K\u00fcnstler aufgebaut. Die Kunstwerke k\u00f6nnen aus dem Fundus der K\u00fcnstler zusammengestellt werden, oder auch individuell f\u00fcr Sie neu geschaffen werden. Die Ausstellung ist somit speziell auf ihre R\u00e4umlichkeiten abgestimmt.<\/p>\n\n\n\n<p>Durch die Mitwirkung der K\u00fcnstler ist ein authentischer unmittelbarer Zugang zur Kunst gegeben. Sofern dies gew\u00fcnscht wird, kann tiefer auf den Sinn und Zweck der Kunstwerke eingegangen werden. Es ist m\u00f6glich schriftliches Material, wie Texte oder Kataloge zu den einzelnen K\u00fcnstlern zu erhalten. \u00dcber \u00e4sthetische Gesichtspunkte hinaus k\u00f6nnen themenbezogene Ausstellungen entwickelt werden. Hierbei ist die Mitwirkung unterschiedlichster K\u00fcnstler in den unterschiedlichen Medien m\u00f6glich.<\/p>\n\n\n\n<p>Neben diesem \u00f6ffentlichen, betrieblichen Bereich stehen wir ihnen gerne f\u00fcr ihre privaten R\u00e4umlichkeiten zur Verf\u00fcgung.<\/p>\n\n\n\n<p>Das Besondere an <strong>art to rent<\/strong> ist die M\u00f6glichkeit \u00fcber ein Mietkonzept R\u00e4umlichkeiten mit Kunst auszustatten. Hierdurch kann man die Kunstwerke \u00fcber einen l\u00e4ngeren Zeitraum genau kennen lernen, um anschlie\u00dfend zu entscheiden, ob man die Kunstwerke erwerben oder durch neue Kunstwerke ersetzen m\u00f6chte.<\/p>\n\n\n\n<p>Insgesamt werden ihre R\u00e4umlichkeiten durch die Ausstattung mit Kunstwerken der GALERIE MICHAEL W. SCHMALFUSS eine deutliche Bereicherung erfahren.<\/p>\n\n\n\n<p><strong>Angebot<\/strong><\/p>\n\n\n\n<p>Die Kunstwerke k\u00f6nnen gemietet oder erworben werden. Die Mietdauer einer Ausstellung bel\u00e4uft sich i.d.R. auf sechs Monate. Eine einmalige Verl\u00e4ngerung der Mietdauer um weitere sechs Monate ist m\u00f6glich. Anschlie\u00dfend kann aus dem sich permanent \u00e4ndernden K\u00fcnstlerbestand eine neue Ausstellung zusammengestellt werden.<\/p>\n\n\n\n<p>Der Mietpreis f\u00fcr ein Kunstwerk richtet sich nach Gr\u00f6\u00dfe und Wert des Objektes.<br>Im Falle eines Kaufes wird die bis zum Kaufzeitpunkt f\u00fcr das erworbene Objekt gezahlte Miete auf den Kaufpreis angerechnet.<br>In dem vorstehend genannten Mietpreis ist die Versicherung der Kunstwerke w\u00e4hrend der gesamten Ausstellungsdauer enthalten.<\/p>\n\n\n\n<p>Die Zahlung des Mietpreises erfolgt h\u00e4lftig zu Beginn und h\u00e4lftig bei Beendigung einer Ausstellungsperiode.<\/p>\n\n\n\n<p>Bei ernsthaftem Interesse an einem der Kunstwerke \u00fcbersenden wir Ihnen gerne eine E-Mail mit gew\u00fcnschtem Bild in h\u00f6herer Aufl\u00f6sung, so dass Details besser zu erkennen sind.<br>Gegebenenfalls ist es empfehlenswert, Kontakt mit uns aufzunehmen und sich vor Ort die ausgew\u00e4hlte Arbeit\/en im Original anzusehen.<\/p>\n","protected":false},"excerpt":{"rendered":"<p>Das Angebot der Galerie umfasst folgende Leistungen: Aufbau und Betreuung&#8230; <a class=\"mor_e-link\" href=\"https:\/\/www.galerie-schmalfuss.de\/index.php\/service\/\">weiter<span class=\"screen-reader-text\">Service<\/span><\/a><\/p>\n","protected":false},"author":1,"featured_media":0,"parent":0,"menu_order":0,"comment_status":"closed","ping_status":"closed","template":"","meta":{"footnotes":""},"class_list":["post-27","page","type-page","status-publish","hentry","entry"],"_links":{"self":[{"href":"https:\/\/www.galerie-schmalfuss.de\/index.php\/wp-json\/wp\/v2\/pages\/27","targetHints":{"allow":["GET"]}}],"collection":[{"href":"https:\/\/www.galerie-schmalfuss.de\/index.php\/wp-json\/wp\/v2\/pages"}],"about":[{"href":"https:\/\/www.galerie-schmalfuss.de\/index.php\/wp-json\/wp\/v2\/types\/page"}],"author":[{"embeddable":true,"href":"https:\/\/www.galerie-schmalfuss.de\/index.php\/wp-json\/wp\/v2\/users\/1"}],"replies":[{"embeddable":true,"href":"https:\/\/www.galerie-schmalfuss.de\/index.php\/wp-json\/wp\/v2\/comments?post=27"}],"version-history":[{"count":0,"href":"https:\/\/www.galerie-schmalfuss.de\/index.php\/wp-json\/wp\/v2\/pages\/27\/revisions"}],"wp:attachment":[{"href":"https:\/\/www.galerie-schmalfuss.de\/index.php\/wp-json\/wp\/v2\/media?parent=27"}],"curies":[{"name":"wp","href":"https:\/\/api.w.org\/{rel}","templated":true}]}}