{"id":29,"date":"2011-08-30T09:33:39","date_gmt":"2011-08-30T09:33:39","guid":{"rendered":"http:\/\/schmalfuss.server2.pro-creative.de\/?page_id=29"},"modified":"2019-06-08T19:20:20","modified_gmt":"2019-06-08T19:20:20","slug":"kontakt","status":"publish","type":"page","link":"https:\/\/www.galerie-schmalfuss.de\/index.php\/kontakt\/","title":{"rendered":"Kontakt"},"content":{"rendered":"<p>GALERIE MICHAEL W. SCHMALFUSS<br \/>\nSteinweg 33<\/p>\n<p>35037 Marburg<\/p>\n<p>Tel:&nbsp;0049 (0) 6421 590 950<br \/>\nMobil: 0049 (0) 170 94 666 39<\/p>\n<p>E-Mail:<\/p>\n<p><a href=\"mailto:art@galerie-schmalfuss.de\">art@galerie-schmalfuss.de<\/a><\/p>\n<p><a href=\"mailto:berlin@galerie-schmalfuss.de\">marburg@galerie-schmalfuss.de<\/a><\/p>\n<p>&nbsp;<\/p>\n<p>&nbsp;<\/p>\n<p dir=\"ltr\"><strong>Wegbeschreibung:<\/strong><\/p>\n<ul dir=\"ltr\">\n<li>\n<div><strong>von Frankfurt<\/strong><\/div>\n<ul>\n<li>\n<div>Autobahn A5, Frankfurt Kassel<br \/>\nRichtung Dortmund Gie\u00dfen<br \/>\nGambacher-Kreuz Richtung Gie\u00dfen\/Marburg<br \/>\nGie\u00dfen Autobahn B 3A von Gie\u00dfen nach Marburg<\/div>\n<\/li>\n<\/ul>\n<\/li>\n<\/ul>\n<ul dir=\"ltr\">\n<li>\n<div><strong>von Kassel<\/strong><\/div>\n<div>\n<ul>\n<li>\n<div>A49 Fritzlar, Borken, B3 Richtung Marburg<\/div>\n<\/li>\n<\/ul>\n<\/div>\n<\/li>\n<\/ul>\n<ul>\n<li>\n<div>\n<p><strong>Marburg<\/strong><\/p>\n<div>\n<ul>\n<li>\n<div><strong>Ausfahrt Bahnhof<\/strong><br \/>\nAmpel rechts Richtung&nbsp;<strong>Bahnhof \/Zentrum,<\/strong><br \/>\nam Bahnhof vorbei, zweispuriger Stra\u00dfe&nbsp;<strong>(Bahnhofstra\u00dfe)<\/strong>&nbsp;geradeaus folgen in Richtung&nbsp;<strong>Zentrum \/ Oberstadt<\/strong>&nbsp;(Stra\u00dfe wird zur zweispurigen Einbahnstra\u00dfe)<br \/>\n90 Grad Linkskurve folgen&nbsp;<strong>(Elisabethstra\u00dfe)<\/strong>&nbsp;geradeaus.<br \/>\nElisabethkirche, links liegen lassen, gro\u00dfe Ampelkreuzung geradeaus \u00fcberfahren in Richtung<strong>Parkhaus Oberstadt\/Touristinfo.<br \/>\n<\/strong>Nach 20 Metern (hinter Fu\u00dfg\u00e4ngerampel, rechts und gleich wieder links<br \/>\nIn den unteren Steinweg fahren und parken.<br \/>\nGalerie befindet sich im 3. Haus am&nbsp;<strong>Unteren Steinweg Nr. 33<\/strong><\/div>\n<\/li>\n<\/ul>\n<\/div>\n<\/div>\n<\/li>\n<li>\n<div><strong>oder<\/strong><\/div>\n<ul>\n<li>\n<div>ab Fu\u00dfg\u00e4ngerampel weiter geradeaus (einspurige&nbsp;Einbahnstra\u00dfe) Pilgrimstein &#8211; nach 20 Metern rechte Seite Schaufenster des Galerie-Hinterhauses. Parkpl\u00e4tze befinden sich auf der rechten Stra\u00dfenseite.<\/div>\n<\/li>\n<li>\n<div>Weitere Parkm\u00f6glichkeit sp\u00e4testens im&nbsp;<strong>Parkhaus Oberstadt<\/strong>&nbsp;(ca. 250 m).<br \/>\nEingang der Galerie im Steinweg 33.<\/div>\n<\/li>\n<\/ul>\n<\/li>\n<\/ul>\n<p><strong>Herzlich Willkommen!<\/strong><\/p>\n<p>IMPRESSUM<\/p>\n<p><strong>Anschrift:<\/strong><br \/>\nDipl. Kfm. Michael W. Schmalfu\u00df<br \/>\nSteinweg 33<br \/>\n35037 Marburg Deutschland<\/p>\n<p><strong>e-mail:<\/strong>&nbsp;<a href=\"mailto:art@galerie-schmalfuss.de\">art@galerie-schmalfuss.de<\/a><br \/>\n<strong><br \/>\nUSt-IdNr.:<\/strong>&nbsp;DE220 305 052<\/p>\n<p>Gerichtsstand Marburg[:en]<\/p>\n<p>GALERIE MICHAEL W. SCHMALFUSS<br \/>\nSteinweg 33<\/p>\n<p>35037 Marburg<\/p>\n<p>Tel:&nbsp;0049 (0) 6421 590 950<br \/>\nMobile: 0049 (0) 170 94 666 39<\/p>\n<p>E-Mail:<\/p>\n<p><a href=\"mailto:art@galerie-schmalfuss.de\">art@galerie-schmalfuss.de<\/a><\/p>\n<p><a href=\"mailto:berlin@galerie-schmalfuss.de\">marburg@galerie-schmalfuss.de<\/a><\/p>\n<p><iframe src=\"http:\/\/maps.google.de\/maps?f=q&amp;source=embed&amp;hl=de&amp;geocode=&amp;q=Galerie+Michael+W.+Schmalfuss,+Steinweg+33,+Marburg&amp;aq=0&amp;sll=50.8149,7.67058&amp;sspn=1.365733,2.469177&amp;ie=UTF8&amp;hq=Galerie+Michael+W.+Schmalfuss,&amp;hnear=Steinweg+33,+Marburg+35037+Marburg,+Marburg-Biedenkopf,+Hessen&amp;vpsrc=0&amp;ll=50.81347,8.76963&amp;spn=0.006295,0.006295&amp;output=embed\" width=\"425\" height=\"350\" frameborder=\"0\" marginwidth=\"0\" marginheight=\"0\" scrolling=\"no\"><\/iframe><br \/>\n<small><a style=\"color: #0000ff; text-align: left;\" href=\"http:\/\/maps.google.de\/maps?f=q&amp;source=embed&amp;hl=de&amp;geocode=&amp;q=Galerie+Michael+W.+Schmalfuss,+Steinweg+33,+Marburg&amp;aq=0&amp;sll=50.8149,7.67058&amp;sspn=1.365733,2.469177&amp;ie=UTF8&amp;hq=Galerie+Michael+W.+Schmalfuss,&amp;hnear=Steinweg+33,+Marburg+35037+Marburg,+Marburg-Biedenkopf,+Hessen&amp;vpsrc=0&amp;ll=50.81347,8.76963&amp;spn=0.006295,0.006295\" target=\"_blank\" rel=\"noopener\">Gr\u00f6\u00dfere Kartenansicht<\/a><\/small><\/p>\n<p dir=\"ltr\"><strong>Directions:<\/strong><\/p>\n<ul dir=\"ltr\">\n<li>\n<div><strong>from Frankfurt<\/strong><\/div>\n<ul>\n<li>\n<div>Autobahn A5, Frankfurt Kassel<br \/>\nTowards Dortmund Gie\u00dfen<br \/>\nGambacher-Kreuz towards Gie\u00dfen\/Marburg<br \/>\nGie\u00dfen Autobahn B 3A from Gie\u00dfen to Marburg<\/div>\n<\/li>\n<\/ul>\n<\/li>\n<\/ul>\n<ul dir=\"ltr\">\n<li>\n<div><strong>from Kassel<\/strong><\/div>\n<div>\n<ul>\n<li>\n<div>A49 Fritzlar, Borken, B3 towards Marburg<\/div>\n<\/li>\n<\/ul>\n<\/div>\n<\/li>\n<\/ul>\n<ul>\n<li>\n<div>\n<p><strong>Marburg<\/strong><\/p>\n<div>\n<ul>\n<li>\n<div><strong>exit Bahnhof<\/strong><br \/>\nTurn right&nbsp;at light towards&nbsp;<strong>Bahnhof \/Zentrum,<\/strong><\/div>\n<div>pass Bahnhof, follow the two-way street&nbsp;<strong>(Bahnhofstra\u00dfe)<\/strong>&nbsp;straight ahead towards&nbsp;<strong>Zentrum \/ Oberstadt<\/strong>&nbsp;(The street becomes a one-way street)<br \/>\nMake a left turn&nbsp;<strong>(Elisabethstra\u00dfe)<\/strong>.<br \/>\nPass Elizabeth church on left, pass the intersection, continue straight ahead to&nbsp;<strong>Parkhaus Oberstadt\/Touristinfo.<br \/>\n<\/strong>After 20 m behind the crosswalk, take a right then another left.<br \/>\nDrive onto Steinweg street and park.<br \/>\nYou will find the gallery at the third door on <strong>Unteren Steinweg Nr. 33<\/strong><\/div>\n<\/li>\n<\/ul>\n<\/div>\n<\/div>\n<\/li>\n<li>\n<div><strong>or<\/strong><\/div>\n<ul>\n<li>\n<div>Continue from the crosswalk (one-way street) at <strong>Pilgrimstein<\/strong> &#8211; after 20 m on the right side you will find the back window of the gallery. You can find parking places on the right side of the street.<\/div>\n<\/li>\n<li>\n<div>More parking possibilities are in the&nbsp;<strong>Parkhaus Oberstadt<\/strong>&nbsp;(ca. 250 m).<br \/>\nEntrance to the gallery is on Steinweg 33.<\/div>\n<\/li>\n<\/ul>\n<\/li>\n<\/ul>\n<p><strong>Welcome!<\/strong><\/p>\n<p>IMPRESSUM<\/p>\n<p><strong>Address:<\/strong><br \/>\nDipl. Kfm. Michael W. Schmalfu\u00df<br \/>\nSteinweg 33<br \/>\n35037 Marburg Deutschland<\/p>\n<p><strong>e-mail:<\/strong>&nbsp;<a href=\"mailto:art@galerie-schmalfuss.de\">art@galerie-schmalfuss.de<\/a><br \/>\n<strong><br \/>\nUSt-IdNr.:<\/strong>&nbsp;DE220 305 052<\/p>\n<p>Gerichtsstand Marburg<\/p>\n<p>&nbsp;<\/p>\n","protected":false},"excerpt":{"rendered":"<p>GALERIE MICHAEL W. SCHMALFUSS Steinweg 33 35037 Marburg Tel:&nbsp;0049 (0)&#8230; <a class=\"mor_e-link\" href=\"https:\/\/www.galerie-schmalfuss.de\/index.php\/kontakt\/\">weiter<span class=\"screen-reader-text\">Kontakt<\/span><\/a><\/p>\n","protected":false},"author":1,"featured_media":0,"parent":0,"menu_order":0,"comment_status":"open","ping_status":"closed","template":"","meta":{"footnotes":""},"class_list":["post-29","page","type-page","status-publish","hentry","entry"],"_links":{"self":[{"href":"https:\/\/www.galerie-schmalfuss.de\/index.php\/wp-json\/wp\/v2\/pages\/29","targetHints":{"allow":["GET"]}}],"collection":[{"href":"https:\/\/www.galerie-schmalfuss.de\/index.php\/wp-json\/wp\/v2\/pages"}],"about":[{"href":"https:\/\/www.galerie-schmalfuss.de\/index.php\/wp-json\/wp\/v2\/types\/page"}],"author":[{"embeddable":true,"href":"https:\/\/www.galerie-schmalfuss.de\/index.php\/wp-json\/wp\/v2\/users\/1"}],"replies":[{"embeddable":true,"href":"https:\/\/www.galerie-schmalfuss.de\/index.php\/wp-json\/wp\/v2\/comments?post=29"}],"version-history":[{"count":0,"href":"https:\/\/www.galerie-schmalfuss.de\/index.php\/wp-json\/wp\/v2\/pages\/29\/revisions"}],"wp:attachment":[{"href":"https:\/\/www.galerie-schmalfuss.de\/index.php\/wp-json\/wp\/v2\/media?parent=29"}],"curies":[{"name":"wp","href":"https:\/\/api.w.org\/{rel}","templated":true}]}}