{"id":311,"date":"2011-09-19T14:10:05","date_gmt":"2011-09-19T14:10:05","guid":{"rendered":"http:\/\/schmalfuss.server2.pro-creative.de\/?page_id=311"},"modified":"2023-03-21T20:28:00","modified_gmt":"2023-03-21T20:28:00","slug":"berlin","status":"publish","type":"page","link":"https:\/\/www.galerie-schmalfuss.de\/index.php\/gallery\/berlin\/","title":{"rendered":"SCHMALFUSS BERLIN \u2013 contemporary fine arts"},"content":{"rendered":"\n<p>Die Galerie liegt mitten in Berlin-Charlottenburg, zwischen Savigny- und Ernst-Reuter-Platz, in einem historischen Viertel, das eine bedeutende \u201eKunst\u201cgeschichte hat und mit zahlreichen international erfolgreichen arbeitenden Galerien auf dem Kunstmarkt vertreten ist.<\/p>\n\n\n\n<p>Institutionen und Unternehmen steht die Galerie in beratender, kunstvermittelnder und organisatorischer Funktion zur Verf\u00fcgung.<\/p>\n\n\n\n<p>Die Galerie ist Mitglied des<strong>&nbsp;<a rel=\"noreferrer noopener\" href=\"http:\/\/www.berliner-galerien.de\/dox\/2070.SNV3u.H.1.De.php\" target=\"_blank\">Galeristenverbandes Berlin<\/a><\/strong>, des&nbsp;<strong><a href=\"https:\/\/www.bvdg.de\/\" target=\"_blank\" rel=\"noopener\">Bundesverband Deutscher Galerien und Kunsth\u00e4ndler e.V<\/a>. &nbsp;<\/strong>und auf der internationalen Plattform&nbsp;<a href=\"http:\/\/www.artnet.de\/galleries\/home.asp?gid=163353\" target=\"_blank\" rel=\"noopener\"><strong>artnet<\/strong><\/a>&nbsp;und art@berlin vertreten.<\/p>\n\n\n\n<p>Alle unbesehen bei uns erworbene Werke k\u00f6nnen Sie jederzeit umtauschen oder innerhalb von 4 Wochen gegen R\u00fcckerstattung des Kaufpreises zur\u00fcckgeben.<\/p>\n\n\n\n<p>Mit Gr\u00fc\u00dfen aus Berlin.<\/p>\n\n\n\n<p>Michael Schmalfu\u00df<\/p>\n","protected":false},"excerpt":{"rendered":"<p>Die Galerie liegt mitten in Berlin-Charlottenburg, zwischen Savigny- und Ernst-Reuter-Platz,&#8230; <a class=\"mor_e-link\" href=\"https:\/\/www.galerie-schmalfuss.de\/index.php\/gallery\/berlin\/\">weiter<span class=\"screen-reader-text\">SCHMALFUSS BERLIN \u2013 contemporary fine arts<\/span><\/a><\/p>\n","protected":false},"author":1,"featured_media":0,"parent":16,"menu_order":0,"comment_status":"closed","ping_status":"closed","template":"","meta":{"footnotes":""},"class_list":["post-311","page","type-page","status-publish","hentry","entry"],"_links":{"self":[{"href":"https:\/\/www.galerie-schmalfuss.de\/index.php\/wp-json\/wp\/v2\/pages\/311","targetHints":{"allow":["GET"]}}],"collection":[{"href":"https:\/\/www.galerie-schmalfuss.de\/index.php\/wp-json\/wp\/v2\/pages"}],"about":[{"href":"https:\/\/www.galerie-schmalfuss.de\/index.php\/wp-json\/wp\/v2\/types\/page"}],"author":[{"embeddable":true,"href":"https:\/\/www.galerie-schmalfuss.de\/index.php\/wp-json\/wp\/v2\/users\/1"}],"replies":[{"embeddable":true,"href":"https:\/\/www.galerie-schmalfuss.de\/index.php\/wp-json\/wp\/v2\/comments?post=311"}],"version-history":[{"count":1,"href":"https:\/\/www.galerie-schmalfuss.de\/index.php\/wp-json\/wp\/v2\/pages\/311\/revisions"}],"predecessor-version":[{"id":12595,"href":"https:\/\/www.galerie-schmalfuss.de\/index.php\/wp-json\/wp\/v2\/pages\/311\/revisions\/12595"}],"up":[{"embeddable":true,"href":"https:\/\/www.galerie-schmalfuss.de\/index.php\/wp-json\/wp\/v2\/pages\/16"}],"wp:attachment":[{"href":"https:\/\/www.galerie-schmalfuss.de\/index.php\/wp-json\/wp\/v2\/media?parent=311"}],"curies":[{"name":"wp","href":"https:\/\/api.w.org\/{rel}","templated":true}]}}