{"id":327,"date":"2011-09-19T15:40:45","date_gmt":"2011-09-19T15:40:45","guid":{"rendered":"http:\/\/schmalfuss.server2.pro-creative.de\/?page_id=327"},"modified":"2023-04-01T13:05:30","modified_gmt":"2023-04-01T13:05:30","slug":"marburg","status":"publish","type":"page","link":"https:\/\/www.galerie-schmalfuss.de\/index.php\/kontakt\/marburg\/","title":{"rendered":"Marburg"},"content":{"rendered":"\n<div class=\"wp-block-columns has-2-columns is-layout-flex wp-container-core-columns-is-layout-9d6595d7 wp-block-columns-is-layout-flex\">\n<div class=\"wp-block-column is-layout-flow wp-block-column-is-layout-flow\">\n<p>GALERIE MICHAEL W. SCHMALFUSS<\/p>\n\n\n\n<p>Steinweg 33<br>35037 Marburg<\/p>\n\n\n\n<p>+49 (0) 6421 590 950<br>+49 (0) 170 94 666 39<\/p>\n\n\n\n<p><a href=\"mailto:art@galerie-schmalfuss.de\">art@galerie-schmalfuss.de<\/a><\/p>\n\n\n\n<p>Gesch\u00e4ftsf\u00fchrung:<br>Evol Puts<\/p>\n\n\n\n<p>\u00d6ffnungszeiten:<\/p>\n\n\n\n<p><strong>Do-Fr <\/strong>11:00-13:00 Uhr &amp; 15:00-18:00 Uhr<br><strong>Sa<\/strong> 11:00-18:00 Uhr<\/p>\n\n\n\n<p>Weitere Termine nach Vereinbarung<\/p>\n<\/div>\n\n\n\n<div class=\"wp-block-column is-layout-flow wp-block-column-is-layout-flow\">\n<p><strong>Herzlich Willkommen!<\/strong><\/p>\n\n\n\n<figure><iframe src=\"https:\/\/maps.google.de\/maps?f=q&amp;source=embed&amp;hl=de&amp;geocode=&amp;q=Galerie+Michael+W.+Schmalfuss,+Steinweg+33,+Marburg&amp;aq=0&amp;sll=50.8149,7.67058&amp;sspn=1.365733,2.469177&amp;ie=UTF8&amp;hq=Galerie+Michael+W.+Schmalfuss,&amp;hnear=Steinweg+33,+Marburg+35037+Marburg,+Marburg-Biedenkopf,+Hessen&amp;vpsrc=0&amp;ll=50.81347,8.76963&amp;spn=0.006295,0.006295&amp;output=embed\" width=\"425\" height=\"350\"><\/iframe><\/figure>\n\n\n\n<p><a href=\"http:\/\/maps.google.de\/maps?f=q&amp;source=embed&amp;hl=de&amp;geocode=&amp;q=Galerie+Michael+W.+Schmalfuss,+Steinweg+33,+Marburg&amp;aq=0&amp;sll=50.8149,7.67058&amp;sspn=1.365733,2.469177&amp;ie=UTF8&amp;hq=Galerie+Michael+W.+Schmalfuss,&amp;hnear=Steinweg+33,+Marburg+35037+Marburg,+Marburg-Biedenkopf,+Hessen&amp;vpsrc=0&amp;ll=50.81347,8.76963&amp;spn=0.006295,0.006295\" target=\"_blank\" rel=\"noopener\">Gr\u00f6\u00dfere Kartenansicht<\/a><\/p>\n<\/div>\n<\/div>\n\n\n\n<p><strong>Wegbeschreibung:<\/strong><\/p>\n\n\n\n<ul class=\"wp-block-list\">\n<li><strong>von Frankfurt<\/strong>\n<ul class=\"wp-block-list\">\n<li>\nAutobahn A5, Frankfurt Kassel<br>Richtung Dortmund Gie\u00dfen<br>Gambacher-Kreuz Richtung Gie\u00dfen\/Marburg<br>Gie\u00dfen Autobahn B 3A von Gie\u00dfen nach Marburg\n<\/li>\n<\/ul>\n<\/li>\n\n\n\n<li><strong>von Kassel<\/strong>\n<ul class=\"wp-block-list\">\n<li>\nA49 Fritzlar, Borken, B3 Richtung Marburg\n<\/li>\n<\/ul>\n<\/li>\n<\/ul>\n\n\n\n<ul class=\"wp-block-list\">\n<li><strong>Marburg<\/strong>\n<ul class=\"wp-block-list\">\n<li>\n<strong>Ausfahrt Bahnhof<\/strong><br>Ampel rechts Richtung&nbsp;<strong>Bahnhof \/Zentrum,<\/strong><br>am Bahnhof vorbei, zweispuriger Stra\u00dfe&nbsp;<strong>(Bahnhofstra\u00dfe)<\/strong>&nbsp;geradeaus folgen in Richtung&nbsp;<strong>Zentrum \/ Oberstadt<\/strong>&nbsp;(Stra\u00dfe wird zur zweispurigen Einbahnstra\u00dfe)<br>90 Grad Linkskurve folgen&nbsp;<strong>(Elisabethstra\u00dfe)<\/strong>&nbsp;geradeaus.<br>Elisabethkirche, links liegen lassen, gro\u00dfe Ampelkreuzung geradeaus \u00fcberfahren in Richtung<strong>Parkhaus Oberstadt\/Touristinfo.<br><\/strong>Nach 20 Metern (hinter Fu\u00dfg\u00e4ngerampel, rechts und gleich wieder links<br>In den unteren Steinweg fahren und parken.<br>Galerie befindet sich im 3. Haus am&nbsp;<strong>Unteren Steinweg Nr. 33<\/strong>\n<\/li>\n<\/ul>\n<\/li>\n\n\n\n<li><strong>oder<\/strong>\n<ul class=\"wp-block-list\">\n<li>\nab Fu\u00dfg\u00e4ngerampel weiter geradeaus (einspurige&nbsp;Einbahnstra\u00dfe) Pilgrimstein &#8211; nach 20 Metern rechte Seite Schaufenster des Galerie-Hinterhauses. Parkpl\u00e4tze befinden sich auf der rechten Stra\u00dfenseite.\n<\/li>\n\n\n\n<li>\nWeitere Parkm\u00f6glichkeit sp\u00e4testens im&nbsp;<strong>Parkhaus Oberstadt<\/strong>&nbsp;(ca. 250 m).<br>Eingang der Galerie im Steinweg 33.\n<\/li>\n<\/ul>\n<\/li>\n<\/ul>\n","protected":false},"excerpt":{"rendered":"<p>GALERIE MICHAEL W. SCHMALFUSS Steinweg 3335037 Marburg +49 (0) 6421&#8230; <a class=\"mor_e-link\" href=\"https:\/\/www.galerie-schmalfuss.de\/index.php\/kontakt\/marburg\/\">weiter<span class=\"screen-reader-text\">Marburg<\/span><\/a><\/p>\n","protected":false},"author":1,"featured_media":0,"parent":29,"menu_order":0,"comment_status":"open","ping_status":"closed","template":"","meta":{"footnotes":""},"class_list":["post-327","page","type-page","status-publish","hentry","entry"],"_links":{"self":[{"href":"https:\/\/www.galerie-schmalfuss.de\/index.php\/wp-json\/wp\/v2\/pages\/327","targetHints":{"allow":["GET"]}}],"collection":[{"href":"https:\/\/www.galerie-schmalfuss.de\/index.php\/wp-json\/wp\/v2\/pages"}],"about":[{"href":"https:\/\/www.galerie-schmalfuss.de\/index.php\/wp-json\/wp\/v2\/types\/page"}],"author":[{"embeddable":true,"href":"https:\/\/www.galerie-schmalfuss.de\/index.php\/wp-json\/wp\/v2\/users\/1"}],"replies":[{"embeddable":true,"href":"https:\/\/www.galerie-schmalfuss.de\/index.php\/wp-json\/wp\/v2\/comments?post=327"}],"version-history":[{"count":2,"href":"https:\/\/www.galerie-schmalfuss.de\/index.php\/wp-json\/wp\/v2\/pages\/327\/revisions"}],"predecessor-version":[{"id":12618,"href":"https:\/\/www.galerie-schmalfuss.de\/index.php\/wp-json\/wp\/v2\/pages\/327\/revisions\/12618"}],"up":[{"embeddable":true,"href":"https:\/\/www.galerie-schmalfuss.de\/index.php\/wp-json\/wp\/v2\/pages\/29"}],"wp:attachment":[{"href":"https:\/\/www.galerie-schmalfuss.de\/index.php\/wp-json\/wp\/v2\/media?parent=327"}],"curies":[{"name":"wp","href":"https:\/\/api.w.org\/{rel}","templated":true}]}}